{"id":20,"date":"2026-01-23T14:54:10","date_gmt":"2026-01-23T14:54:10","guid":{"rendered":"https:\/\/fotocopiasdenia.rkinformatika.online\/?page_id=20"},"modified":"2026-02-04T10:45:20","modified_gmt":"2026-02-04T10:45:20","slug":"servicios","status":"publish","type":"page","link":"https:\/\/fotocopiasdenia.com\/en\/servicios\/","title":{"rendered":"Services"},"content":{"rendered":"<div data-elementor-type=\"wp-page\" data-elementor-id=\"20\" class=\"elementor elementor-20\" data-elementor-post-type=\"page\">\n\t\t\t\t<div class=\"elementor-element elementor-element-30e3b76 e-con-full e-flex e-con e-parent\" data-id=\"30e3b76\" data-element_type=\"container\" data-e-type=\"container\" data-settings=\"{&quot;background_background&quot;:&quot;classic&quot;}\">\n\t\t<div class=\"elementor-element elementor-element-cb219f6 e-con-full e-flex e-con e-child\" data-id=\"cb219f6\" data-element_type=\"container\" data-e-type=\"container\" data-settings=\"{&quot;background_background&quot;:&quot;classic&quot;}\">\n\t\t<div class=\"elementor-element elementor-element-daf3b84 e-con-full e-flex e-con e-child\" data-id=\"daf3b84\" data-element_type=\"container\" data-e-type=\"container\" data-settings=\"{&quot;background_background&quot;:&quot;classic&quot;}\">\n\t\t\t\t<div class=\"elementor-element elementor-element-ba999d5 elementor-widget elementor-widget-heading\" data-id=\"ba999d5\" data-element_type=\"widget\" data-e-type=\"widget\" data-widget_type=\"heading.default\">\n\t\t\t\t\t<h2 class=\"elementor-heading-title elementor-size-default\">NuestrOS SERVICIOS<\/h2>\t\t\t\t<\/div>\n\t\t\t\t<\/div>\n\t\t<div class=\"elementor-element elementor-element-47dc7a4 e-con-full e-flex e-con e-child\" data-id=\"47dc7a4\" data-element_type=\"container\" data-e-type=\"container\" data-settings=\"{&quot;background_background&quot;:&quot;classic&quot;}\">\n\t\t<div class=\"elementor-element elementor-element-24c421b e-con-full e-flex e-con e-child\" data-id=\"24c421b\" data-element_type=\"container\" data-e-type=\"container\">\n\t\t<div class=\"elementor-element elementor-element-c515274 e-grid e-con-full e-con e-child\" data-id=\"c515274\" data-element_type=\"container\" data-e-type=\"container\">\n\t\t<div class=\"elementor-element elementor-element-cccc2e5 e-con-full e-flex e-con e-child\" data-id=\"cccc2e5\" data-element_type=\"container\" data-e-type=\"container\" data-settings=\"{&quot;background_background&quot;:&quot;classic&quot;}\">\n\t\t<div class=\"elementor-element elementor-element-9edeef2 e-con-full e-flex e-con e-child\" data-id=\"9edeef2\" data-element_type=\"container\" data-e-type=\"container\" data-settings=\"{&quot;background_background&quot;:&quot;classic&quot;}\">\n\t\t\t\t<\/div>\n\t\t<div class=\"elementor-element elementor-element-9ef6999 e-con-full e-flex e-con e-child\" data-id=\"9ef6999\" data-element_type=\"container\" data-e-type=\"container\" data-settings=\"{&quot;background_background&quot;:&quot;classic&quot;}\">\n\t\t\t\t<div class=\"elementor-element elementor-element-c1fe578 elementor-widget elementor-widget-heading\" data-id=\"c1fe578\" data-element_type=\"widget\" data-e-type=\"widget\" data-widget_type=\"heading.default\">\n\t\t\t\t\t<h2 class=\"elementor-heading-title elementor-size-default\">Fotocopias e impresiones<\/h2>\t\t\t\t<\/div>\n\t\t\t\t<div class=\"elementor-element elementor-element-5f12500 elementor-widget elementor-widget-text-editor\" data-id=\"5f12500\" data-element_type=\"widget\" data-e-type=\"widget\" data-widget_type=\"text-editor.default\">\n\t\t\t\t\t\t\t\t\t<p>\n<p data-start=\"352\" data-end=\"467\"><\/p><\/p><p data-start=\"237\" data-end=\"350\">Fotocopias en blanco y negro o color, impresiones r\u00e1pidas y de calidad para todo tipo de documentos.<\/p>\t\t\t\t\t\t\t\t<\/div>\n\t\t\t\t<\/div>\n\t\t\t\t<\/div>\n\t\t<div class=\"elementor-element elementor-element-f432ead e-con-full e-flex e-con e-child\" data-id=\"f432ead\" data-element_type=\"container\" data-e-type=\"container\" data-settings=\"{&quot;background_background&quot;:&quot;classic&quot;}\">\n\t\t<div class=\"elementor-element elementor-element-68abbf8 e-con-full e-flex e-con e-child\" data-id=\"68abbf8\" data-element_type=\"container\" data-e-type=\"container\" data-settings=\"{&quot;background_background&quot;:&quot;classic&quot;}\">\n\t\t\t\t<\/div>\n\t\t<div class=\"elementor-element elementor-element-036f9f3 e-con-full e-flex e-con e-child\" data-id=\"036f9f3\" data-element_type=\"container\" data-e-type=\"container\" data-settings=\"{&quot;background_background&quot;:&quot;classic&quot;}\">\n\t\t\t\t<div class=\"elementor-element elementor-element-1271e4f elementor-widget elementor-widget-heading\" data-id=\"1271e4f\" data-element_type=\"widget\" data-e-type=\"widget\" data-widget_type=\"heading.default\">\n\t\t\t\t\t<h2 class=\"elementor-heading-title elementor-size-default\">Impresi\u00f3n de archivos<\/h2>\t\t\t\t<\/div>\n\t\t\t\t<div class=\"elementor-element elementor-element-d08f2b8 elementor-widget elementor-widget-text-editor\" data-id=\"d08f2b8\" data-element_type=\"widget\" data-e-type=\"widget\" data-widget_type=\"text-editor.default\">\n\t\t\t\t\t\t\t\t\t<p data-start=\"459\" data-end=\"544\">\n<p data-start=\"607\" data-end=\"699\"><\/p><\/p><p data-start=\"506\" data-end=\"605\">Imprimimos tus archivos PDF, Word o im\u00e1genes directamente desde USB, email o WhatsApp.<\/p>\t\t\t\t\t\t\t\t<\/div>\n\t\t\t\t<\/div>\n\t\t\t\t<\/div>\n\t\t<div class=\"elementor-element elementor-element-b642ace e-con-full e-flex e-con e-child\" data-id=\"b642ace\" data-element_type=\"container\" data-e-type=\"container\" data-settings=\"{&quot;background_background&quot;:&quot;classic&quot;}\">\n\t\t<div class=\"elementor-element elementor-element-91f1f3e e-con-full e-flex e-con e-child\" data-id=\"91f1f3e\" data-element_type=\"container\" data-e-type=\"container\" data-settings=\"{&quot;background_background&quot;:&quot;classic&quot;}\">\n\t\t\t\t<\/div>\n\t\t<div class=\"elementor-element elementor-element-b1fe492 e-con-full e-flex e-con e-child\" data-id=\"b1fe492\" data-element_type=\"container\" data-e-type=\"container\" data-settings=\"{&quot;background_background&quot;:&quot;classic&quot;}\">\n\t\t\t\t<div class=\"elementor-element elementor-element-56b8860 elementor-widget elementor-widget-heading\" data-id=\"56b8860\" data-element_type=\"widget\" data-e-type=\"widget\" data-widget_type=\"heading.default\">\n\t\t\t\t\t<h2 class=\"elementor-heading-title elementor-size-default\">Escaneo de documentos<\/h2>\t\t\t\t<\/div>\n\t\t\t\t<div class=\"elementor-element elementor-element-4c94a03 elementor-widget elementor-widget-text-editor\" data-id=\"4c94a03\" data-element_type=\"widget\" data-e-type=\"widget\" data-widget_type=\"text-editor.default\">\n\t\t\t\t\t\t\t\t\t<p data-start=\"827\" data-end=\"937\">\u00a0<\/p><p data-start=\"738\" data-end=\"825\">Digitaliza tus documentos y env\u00edalos por email de forma r\u00e1pida y sencilla.<\/p>\t\t\t\t\t\t\t\t<\/div>\n\t\t\t\t<\/div>\n\t\t\t\t<\/div>\n\t\t<div class=\"elementor-element elementor-element-15d6157 e-con-full e-flex e-con e-child\" data-id=\"15d6157\" data-element_type=\"container\" data-e-type=\"container\" data-settings=\"{&quot;background_background&quot;:&quot;classic&quot;}\">\n\t\t<div class=\"elementor-element elementor-element-16ba429 e-con-full e-flex e-con e-child\" data-id=\"16ba429\" data-element_type=\"container\" data-e-type=\"container\" data-settings=\"{&quot;background_background&quot;:&quot;classic&quot;}\">\n\t\t\t\t<\/div>\n\t\t<div class=\"elementor-element elementor-element-2a96ea5 e-con-full e-flex e-con e-child\" data-id=\"2a96ea5\" data-element_type=\"container\" data-e-type=\"container\" data-settings=\"{&quot;background_background&quot;:&quot;classic&quot;}\">\n\t\t\t\t<div class=\"elementor-element elementor-element-529938d elementor-widget elementor-widget-heading\" data-id=\"529938d\" data-element_type=\"widget\" data-e-type=\"widget\" data-widget_type=\"heading.default\">\n\t\t\t\t\t<h2 class=\"elementor-heading-title elementor-size-default\">Plastificados<\/h2>\t\t\t\t<\/div>\n\t\t\t\t<div class=\"elementor-element elementor-element-0162dcf elementor-widget elementor-widget-text-editor\" data-id=\"0162dcf\" data-element_type=\"widget\" data-e-type=\"widget\" data-widget_type=\"text-editor.default\">\n\t\t\t\t\t\t\t\t\t<p data-start=\"968\" data-end=\"1072\">Protege tus documentos, carnets, horarios o apuntes con plastificado resistente y duradero.<\/p>\t\t\t\t\t\t\t\t<\/div>\n\t\t\t\t<\/div>\n\t\t\t\t<\/div>\n\t\t<div class=\"elementor-element elementor-element-05771ea e-con-full e-flex e-con e-child\" data-id=\"05771ea\" data-element_type=\"container\" data-e-type=\"container\" data-settings=\"{&quot;background_background&quot;:&quot;classic&quot;}\">\n\t\t<div class=\"elementor-element elementor-element-c33f578 e-con-full e-flex e-con e-child\" data-id=\"c33f578\" data-element_type=\"container\" data-e-type=\"container\" data-settings=\"{&quot;background_background&quot;:&quot;classic&quot;}\">\n\t\t\t\t<\/div>\n\t\t<div class=\"elementor-element elementor-element-0530498 e-con-full e-flex e-con e-child\" data-id=\"0530498\" data-element_type=\"container\" data-e-type=\"container\" data-settings=\"{&quot;background_background&quot;:&quot;classic&quot;}\">\n\t\t\t\t<div class=\"elementor-element elementor-element-260283c elementor-widget elementor-widget-heading\" data-id=\"260283c\" data-element_type=\"widget\" data-e-type=\"widget\" data-widget_type=\"heading.default\">\n\t\t\t\t\t<h2 class=\"elementor-heading-title elementor-size-default\">Encuadernaciones en espiral<\/h2>\t\t\t\t<\/div>\n\t\t\t\t<div class=\"elementor-element elementor-element-8b6b635 elementor-widget elementor-widget-text-editor\" data-id=\"8b6b635\" data-element_type=\"widget\" data-e-type=\"widget\" data-widget_type=\"text-editor.default\">\n\t\t\t\t\t\t\t\t\t<p data-start=\"1213\" data-end=\"1304\">Encuadernaciones pr\u00e1cticas para trabajos, apuntes, proyectos o presentaciones.<\/p>\t\t\t\t\t\t\t\t<\/div>\n\t\t\t\t<\/div>\n\t\t\t\t<\/div>\n\t\t<div class=\"elementor-element elementor-element-6a601d8 e-con-full e-flex e-con e-child\" data-id=\"6a601d8\" data-element_type=\"container\" data-e-type=\"container\" data-settings=\"{&quot;background_background&quot;:&quot;classic&quot;}\">\n\t\t<div class=\"elementor-element elementor-element-a9d20e9 e-con-full e-flex e-con e-child\" data-id=\"a9d20e9\" data-element_type=\"container\" data-e-type=\"container\" data-settings=\"{&quot;background_background&quot;:&quot;classic&quot;}\">\n\t\t\t\t<\/div>\n\t\t<div class=\"elementor-element elementor-element-6d10e35 e-con-full e-flex e-con e-child\" data-id=\"6d10e35\" data-element_type=\"container\" data-e-type=\"container\" data-settings=\"{&quot;background_background&quot;:&quot;classic&quot;}\">\n\t\t\t\t<div class=\"elementor-element elementor-element-4426ef0 elementor-widget elementor-widget-heading\" data-id=\"4426ef0\" data-element_type=\"widget\" data-e-type=\"widget\" data-widget_type=\"heading.default\">\n\t\t\t\t\t<h2 class=\"elementor-heading-title elementor-size-default\">Papeler\u00eda b\u00e1sica<\/h2>\t\t\t\t<\/div>\n\t\t\t\t<div class=\"elementor-element elementor-element-e022019 elementor-widget elementor-widget-text-editor\" data-id=\"e022019\" data-element_type=\"widget\" data-e-type=\"widget\" data-widget_type=\"text-editor.default\">\n\t\t\t\t\t\t\t\t\t<p data-start=\"1577\" data-end=\"1663\">Art\u00edculos esenciales de papeler\u00eda para el d\u00eda a d\u00eda: sobres, carpetas, bol\u00edgrafos y m\u00e1s.<\/p>\t\t\t\t\t\t\t\t<\/div>\n\t\t\t\t<\/div>\n\t\t\t\t<\/div>\n\t\t\t\t<\/div>\n\t\t\t\t<\/div>\n\t\t\t\t<\/div>\n\t\t\t\t<\/div>\n\t\t\t\t<\/div>\n\t\t\t\t<\/div>","protected":false},"excerpt":{"rendered":"<p>NuestrOS SERVICIOS Fotocopias e impresiones Fotocopias en blanco y negro o color, impresiones r\u00e1pidas y de calidad para todo tipo de documentos. Impresi\u00f3n de archivos Imprimimos tus archivos PDF, Word o im\u00e1genes directamente desde USB, email o WhatsApp. Escaneo de documentos \u00a0 Digitaliza tus documentos y env\u00edalos por email de forma r\u00e1pida y sencilla. Plastificados [&hellip;]<\/p>\n","protected":false},"author":1,"featured_media":0,"parent":0,"menu_order":0,"comment_status":"closed","ping_status":"closed","template":"elementor_canvas","meta":{"footnotes":""},"class_list":["post-20","page","type-page","status-publish","hentry"],"yoast_head":"<!-- This site is optimized with the Yoast SEO plugin v27.3 - https:\/\/yoast.com\/product\/yoast-seo-wordpress\/ -->\n<title>Servicios - Fotocopias Denia<\/title>\n<meta name=\"robots\" content=\"index, follow, max-snippet:-1, max-image-preview:large, max-video-preview:-1\" \/>\n<link rel=\"canonical\" href=\"https:\/\/fotocopiasdenia.com\/en\/servicios\/\" \/>\n<meta property=\"og:locale\" content=\"en_GB\" \/>\n<meta property=\"og:type\" content=\"article\" \/>\n<meta property=\"og:title\" content=\"Servicios - Fotocopias Denia\" \/>\n<meta property=\"og:description\" content=\"NuestrOS SERVICIOS Fotocopias e impresiones Fotocopias en blanco y negro o color, impresiones r\u00e1pidas y de calidad para todo tipo de documentos. Impresi\u00f3n de archivos Imprimimos tus archivos PDF, Word o im\u00e1genes directamente desde USB, email o WhatsApp. Escaneo de documentos \u00a0 Digitaliza tus documentos y env\u00edalos por email de forma r\u00e1pida y sencilla. Plastificados [&hellip;]\" \/>\n<meta property=\"og:url\" content=\"https:\/\/fotocopiasdenia.com\/en\/servicios\/\" \/>\n<meta property=\"og:site_name\" content=\"Fotocopias Denia\" \/>\n<meta property=\"article:modified_time\" content=\"2026-02-04T10:45:20+00:00\" \/>\n<meta name=\"twitter:card\" content=\"summary_large_image\" \/>\n<meta name=\"twitter:label1\" content=\"Estimated reading time\" \/>\n\t<meta name=\"twitter:data1\" content=\"1 minute\" \/>\n<script type=\"application\/ld+json\" class=\"yoast-schema-graph\">{\"@context\":\"https:\\\/\\\/schema.org\",\"@graph\":[{\"@type\":\"WebPage\",\"@id\":\"https:\\\/\\\/fotocopiasdenia.com\\\/servicios\\\/\",\"url\":\"https:\\\/\\\/fotocopiasdenia.com\\\/servicios\\\/\",\"name\":\"Servicios - Fotocopias Denia\",\"isPartOf\":{\"@id\":\"https:\\\/\\\/fotocopiasdenia.com\\\/#website\"},\"datePublished\":\"2026-01-23T14:54:10+00:00\",\"dateModified\":\"2026-02-04T10:45:20+00:00\",\"breadcrumb\":{\"@id\":\"https:\\\/\\\/fotocopiasdenia.com\\\/servicios\\\/#breadcrumb\"},\"inLanguage\":\"en-GB\",\"potentialAction\":[{\"@type\":\"ReadAction\",\"target\":[\"https:\\\/\\\/fotocopiasdenia.com\\\/servicios\\\/\"]}]},{\"@type\":\"BreadcrumbList\",\"@id\":\"https:\\\/\\\/fotocopiasdenia.com\\\/servicios\\\/#breadcrumb\",\"itemListElement\":[{\"@type\":\"ListItem\",\"position\":1,\"name\":\"Portada\",\"item\":\"https:\\\/\\\/fotocopiasdenia.com\\\/\"},{\"@type\":\"ListItem\",\"position\":2,\"name\":\"Servicios\"}]},{\"@type\":\"WebSite\",\"@id\":\"https:\\\/\\\/fotocopiasdenia.com\\\/#website\",\"url\":\"https:\\\/\\\/fotocopiasdenia.com\\\/\",\"name\":\"Fotocopias Denia\",\"description\":\"\",\"publisher\":{\"@id\":\"https:\\\/\\\/fotocopiasdenia.com\\\/#organization\"},\"potentialAction\":[{\"@type\":\"SearchAction\",\"target\":{\"@type\":\"EntryPoint\",\"urlTemplate\":\"https:\\\/\\\/fotocopiasdenia.com\\\/?s={search_term_string}\"},\"query-input\":{\"@type\":\"PropertyValueSpecification\",\"valueRequired\":true,\"valueName\":\"search_term_string\"}}],\"inLanguage\":\"en-GB\"},{\"@type\":\"Organization\",\"@id\":\"https:\\\/\\\/fotocopiasdenia.com\\\/#organization\",\"name\":\"Fotocopias Denia\",\"url\":\"https:\\\/\\\/fotocopiasdenia.com\\\/\",\"logo\":{\"@type\":\"ImageObject\",\"inLanguage\":\"en-GB\",\"@id\":\"https:\\\/\\\/fotocopiasdenia.com\\\/#\\\/schema\\\/logo\\\/image\\\/\",\"url\":\"https:\\\/\\\/fotocopiasdenia.com\\\/wp-content\\\/uploads\\\/2026\\\/01\\\/cropped-fotocopiasdenia202511_logo_web.png\",\"contentUrl\":\"https:\\\/\\\/fotocopiasdenia.com\\\/wp-content\\\/uploads\\\/2026\\\/01\\\/cropped-fotocopiasdenia202511_logo_web.png\",\"width\":1080,\"height\":603,\"caption\":\"Fotocopias Denia\"},\"image\":{\"@id\":\"https:\\\/\\\/fotocopiasdenia.com\\\/#\\\/schema\\\/logo\\\/image\\\/\"}}]}<\/script>\n<!-- \/ Yoast SEO plugin. -->","yoast_head_json":{"title":"Servicios - Fotocopias Denia","robots":{"index":"index","follow":"follow","max-snippet":"max-snippet:-1","max-image-preview":"max-image-preview:large","max-video-preview":"max-video-preview:-1"},"canonical":"https:\/\/fotocopiasdenia.com\/en\/servicios\/","og_locale":"en_GB","og_type":"article","og_title":"Servicios - Fotocopias Denia","og_description":"NuestrOS SERVICIOS Fotocopias e impresiones Fotocopias en blanco y negro o color, impresiones r\u00e1pidas y de calidad para todo tipo de documentos. Impresi\u00f3n de archivos Imprimimos tus archivos PDF, Word o im\u00e1genes directamente desde USB, email o WhatsApp. Escaneo de documentos \u00a0 Digitaliza tus documentos y env\u00edalos por email de forma r\u00e1pida y sencilla. Plastificados [&hellip;]","og_url":"https:\/\/fotocopiasdenia.com\/en\/servicios\/","og_site_name":"Fotocopias Denia","article_modified_time":"2026-02-04T10:45:20+00:00","twitter_card":"summary_large_image","twitter_misc":{"Estimated reading time":"1 minute"},"schema":{"@context":"https:\/\/schema.org","@graph":[{"@type":"WebPage","@id":"https:\/\/fotocopiasdenia.com\/servicios\/","url":"https:\/\/fotocopiasdenia.com\/servicios\/","name":"Servicios - Fotocopias Denia","isPartOf":{"@id":"https:\/\/fotocopiasdenia.com\/#website"},"datePublished":"2026-01-23T14:54:10+00:00","dateModified":"2026-02-04T10:45:20+00:00","breadcrumb":{"@id":"https:\/\/fotocopiasdenia.com\/servicios\/#breadcrumb"},"inLanguage":"en-GB","potentialAction":[{"@type":"ReadAction","target":["https:\/\/fotocopiasdenia.com\/servicios\/"]}]},{"@type":"BreadcrumbList","@id":"https:\/\/fotocopiasdenia.com\/servicios\/#breadcrumb","itemListElement":[{"@type":"ListItem","position":1,"name":"Portada","item":"https:\/\/fotocopiasdenia.com\/"},{"@type":"ListItem","position":2,"name":"Servicios"}]},{"@type":"WebSite","@id":"https:\/\/fotocopiasdenia.com\/#website","url":"https:\/\/fotocopiasdenia.com\/","name":"Fotocopias Denia","description":"","publisher":{"@id":"https:\/\/fotocopiasdenia.com\/#organization"},"potentialAction":[{"@type":"SearchAction","target":{"@type":"EntryPoint","urlTemplate":"https:\/\/fotocopiasdenia.com\/?s={search_term_string}"},"query-input":{"@type":"PropertyValueSpecification","valueRequired":true,"valueName":"search_term_string"}}],"inLanguage":"en-GB"},{"@type":"Organization","@id":"https:\/\/fotocopiasdenia.com\/#organization","name":"Fotocopias Denia","url":"https:\/\/fotocopiasdenia.com\/","logo":{"@type":"ImageObject","inLanguage":"en-GB","@id":"https:\/\/fotocopiasdenia.com\/#\/schema\/logo\/image\/","url":"https:\/\/fotocopiasdenia.com\/wp-content\/uploads\/2026\/01\/cropped-fotocopiasdenia202511_logo_web.png","contentUrl":"https:\/\/fotocopiasdenia.com\/wp-content\/uploads\/2026\/01\/cropped-fotocopiasdenia202511_logo_web.png","width":1080,"height":603,"caption":"Fotocopias Denia"},"image":{"@id":"https:\/\/fotocopiasdenia.com\/#\/schema\/logo\/image\/"}}]}},"_links":{"self":[{"href":"https:\/\/fotocopiasdenia.com\/en\/wp-json\/wp\/v2\/pages\/20","targetHints":{"allow":["GET"]}}],"collection":[{"href":"https:\/\/fotocopiasdenia.com\/en\/wp-json\/wp\/v2\/pages"}],"about":[{"href":"https:\/\/fotocopiasdenia.com\/en\/wp-json\/wp\/v2\/types\/page"}],"author":[{"embeddable":true,"href":"https:\/\/fotocopiasdenia.com\/en\/wp-json\/wp\/v2\/users\/1"}],"replies":[{"embeddable":true,"href":"https:\/\/fotocopiasdenia.com\/en\/wp-json\/wp\/v2\/comments?post=20"}],"version-history":[{"count":40,"href":"https:\/\/fotocopiasdenia.com\/en\/wp-json\/wp\/v2\/pages\/20\/revisions"}],"predecessor-version":[{"id":185,"href":"https:\/\/fotocopiasdenia.com\/en\/wp-json\/wp\/v2\/pages\/20\/revisions\/185"}],"wp:attachment":[{"href":"https:\/\/fotocopiasdenia.com\/en\/wp-json\/wp\/v2\/media?parent=20"}],"curies":[{"name":"wp","href":"https:\/\/api.w.org\/{rel}","templated":true}]}}